{"id":509,"date":"2020-08-23T02:33:46","date_gmt":"2020-08-23T02:33:46","guid":{"rendered":"http:\/\/drvlado.com\/index.php\/services\/"},"modified":"2023-01-14T11:13:24","modified_gmt":"2023-01-14T11:13:24","slug":"services","status":"publish","type":"page","link":"https:\/\/drvlado.com\/index.php\/services\/","title":{"rendered":"Services"},"content":{"rendered":"\n<div class=\"wp-block-uagb-container uagb-block-713a8354 alignfull uagb-is-root-container\"><div class=\"uagb-container-inner-blocks-wrap\">\n<div class=\"wp-block-uagb-container uagb-block-2e92d285\">\n<div class=\"wp-block-uagb-advanced-heading uagb-block-904e6b03\"><h1 class=\"uagb-heading-text\">Koje usluge pru\u017eamo?<\/h1><\/div>\n<\/div>\n\n\n\n<div class=\"wp-block-uagb-container uagb-block-2a1a50f2\">\n<div class=\"wp-block-uagb-info-box uagb-block-5582e39f uagb-infobox__content-wrap  uagb-infobox-icon-above-title uagb-infobox-image-valign-top\"><div class=\"uagb-ifb-content\"><div class=\"uagb-ifb-title-wrap\"><h3 class=\"uagb-ifb-title\">Dr Vlado veterinarska ambulanta Loznica pru\u017ea slede\u0107e usluge:<\/h3><\/div><p class=\"uagb-ifb-desc\">Pregledi i le\u010denje Va\u0161ih ljubimaca, hirur\u0161ke intervencije, vakcinacije, obele\u017eavanje i izdavanje paso\u0161a za \u017eivotinje, prodaja hrane, higijenskih proizvoda kao i aksesoara za Va\u0161e ljubimce.<\/p><\/div><\/div>\n<\/div>\n<\/div><\/div>\n\n\n\n<div class=\"wp-block-uagb-container uagb-block-02d9adc2 alignfull uagb-is-root-container\"><div class=\"uagb-container-inner-blocks-wrap\">\n<div class=\"wp-block-uagb-container uagb-block-8dd66244\">\n<div class=\"wp-block-uagb-info-box uagb-block-d537d61d uagb-infobox__content-wrap  uagb-infobox-icon-above-title uagb-infobox-image-valign-top\"><div class=\"uagb-ifb-content\"><div class=\"uagb-ifb-image-content\"><img decoding=\"async\" src=\"http:\/\/drvlado.com\/wp-content\/uploads\/2019\/07\/sitting-free-img.png\" alt=\"\" width=\"140\" height=\"140\" loading=\"lazy\"\/><\/div><div class=\"uagb-ifb-title-wrap\"><h3 class=\"uagb-ifb-title\">Le\u010denje<\/h3><\/div><p class=\"uagb-ifb-desc\">Dr Vlado, veterinar iz Loznice, pru\u017ea profesionalnu i kvalitetnu medicinsku pomo\u0107 va\u0161im ku\u0107nim ljubimcima.<\/p><\/div><\/div>\n<\/div>\n\n\n\n<div class=\"wp-block-uagb-container uagb-block-88d97a7d\">\n<div class=\"wp-block-uagb-info-box uagb-block-6bd036cc uagb-infobox__content-wrap  uagb-infobox-icon-above-title uagb-infobox-image-valign-top\"><div class=\"uagb-ifb-content\"><div class=\"uagb-ifb-image-content\"><img decoding=\"async\" src=\"http:\/\/drvlado.com\/wp-content\/uploads\/2019\/07\/minding-free-img.png\" alt=\"\" width=\"\" height=\"0\" loading=\"lazy\"\/><\/div><div class=\"uagb-ifb-title-wrap\"><h3 class=\"uagb-ifb-title\">Hirurgija<\/h3><\/div><p class=\"uagb-ifb-desc\">Dr Vlado, iskusni i stru\u010dni veterinarski hirurg iz Loznice, obavlja precizne i sigurne operacije kako bi va\u0161i ljubimci brzo ozdravili.<\/p><\/div><\/div>\n<\/div>\n\n\n\n<div class=\"wp-block-uagb-container uagb-block-134e59c9\">\n<div class=\"wp-block-uagb-info-box uagb-block-362ffa4f uagb-infobox__content-wrap  uagb-infobox-icon-above-title uagb-infobox-image-valign-top\"><div class=\"uagb-ifb-content\"><div class=\"uagb-ifb-image-content\"><img decoding=\"async\" src=\"http:\/\/drvlado.com\/wp-content\/uploads\/2019\/07\/training-free-img.png\" alt=\"\" width=\"\" height=\"0\" loading=\"lazy\"\/><\/div><div class=\"uagb-ifb-title-wrap\"><h3 class=\"uagb-ifb-title\">Vakcinacija<\/h3><\/div><p class=\"uagb-ifb-desc\">Dr Vlado, veterinar iz Loznice, pru\u017ea va\u017ene vakcine va\u0161im ku\u0107nim ljubimcima kako bi bili za\u0161ti\u0107eni od razli\u010ditih bolesti.<\/p><\/div><\/div>\n<\/div>\n\n\n\n<div class=\"wp-block-uagb-container uagb-block-24846152\">\n<div class=\"wp-block-uagb-info-box uagb-block-8a88765b uagb-infobox__content-wrap  uagb-infobox-icon-above-title uagb-infobox-image-valign-top\"><div class=\"uagb-ifb-content\"><div class=\"uagb-ifb-image-content\"><img decoding=\"async\" src=\"http:\/\/drvlado.com\/wp-content\/uploads\/2019\/07\/grooming-free-img.png\" alt=\"\" width=\"\" height=\"0\" loading=\"lazy\"\/><\/div><div class=\"uagb-ifb-title-wrap\"><h3 class=\"uagb-ifb-title\">Pet Shop<\/h3><\/div><p class=\"uagb-ifb-desc\">U prodavnici Dr Vlada, veterinara iz Loznice, mo\u017eete prona\u0107i sve \u0161to va\u0161 ljubimac mo\u017ee da po\u017eeli, od hrane do igra\u010daka i opreme.<\/p><\/div><\/div>\n<\/div>\n<\/div><\/div>\n\n\n\n<div class=\"wp-block-uagb-container uagb-block-c20edcbf alignfull uagb-is-root-container\"><div class=\"uagb-container-inner-blocks-wrap\">\n<h2 class=\"has-text-align-center wp-block-heading\">\u017delite saznati vi\u0161e o nama?<\/h2>\n\n\n\n<p class=\"has-text-align-center\">Posetite nas i uverite se za\u0161to smo najbolji izbor za negu i le\u010denje Va\u0161eg ljubimca!<\/p>\n\n\n\n<div class=\"wp-block-buttons is-layout-flex wp-block-buttons-is-layout-flex\">\n<div class=\"wp-block-button aligncenter\"><a class=\"wp-block-button__link wp-element-button\" href=\"http:\/\/drvlado.com\/index.php\/get-in-touch\/\">Kontakt<\/a><\/div>\n<\/div>\n<\/div><\/div>\n","protected":false},"excerpt":{"rendered":"<p>Koje usluge pru\u017eamo? \u017delite saznati vi\u0161e o nama? Posetite nas i uverite se za\u0161to smo najbolji izbor za negu i le\u010denje Va\u0161eg ljubimca!<\/p>\n","protected":false},"author":1,"featured_media":0,"parent":0,"menu_order":0,"comment_status":"closed","ping_status":"closed","template":"","meta":{"_uag_custom_page_level_css":"","site-sidebar-layout":"no-sidebar","site-content-layout":"page-builder","ast-site-content-layout":"default","site-content-style":"default","site-sidebar-style":"default","ast-global-header-display":"","ast-banner-title-visibility":"","ast-main-header-display":"","ast-hfb-above-header-display":"","ast-hfb-below-header-display":"","ast-hfb-mobile-header-display":"","site-post-title":"disabled","ast-breadcrumbs-content":"","ast-featured-img":"disabled","footer-sml-layout":"","theme-transparent-header-meta":"default","adv-header-id-meta":"","stick-header-meta":"","header-above-stick-meta":"","header-main-stick-meta":"","header-below-stick-meta":"","astra-migrate-meta-layouts":"default","ast-page-background-enabled":"default","ast-page-background-meta":{"desktop":{"background-color":"","background-image":"","background-repeat":"repeat","background-position":"center center","background-size":"auto","background-attachment":"scroll","background-type":"","background-media":"","overlay-type":"","overlay-color":"","overlay-opacity":"","overlay-gradient":""},"tablet":{"background-color":"","background-image":"","background-repeat":"repeat","background-position":"center center","background-size":"auto","background-attachment":"scroll","background-type":"","background-media":"","overlay-type":"","overlay-color":"","overlay-opacity":"","overlay-gradient":""},"mobile":{"background-color":"","background-image":"","background-repeat":"repeat","background-position":"center center","background-size":"auto","background-attachment":"scroll","background-type":"","background-media":"","overlay-type":"","overlay-color":"","overlay-opacity":"","overlay-gradient":""}},"ast-content-background-meta":{"desktop":{"background-color":"var(--ast-global-color-5)","background-image":"","background-repeat":"repeat","background-position":"center center","background-size":"auto","background-attachment":"scroll","background-type":"","background-media":"","overlay-type":"","overlay-color":"","overlay-opacity":"","overlay-gradient":""},"tablet":{"background-color":"var(--ast-global-color-5)","background-image":"","background-repeat":"repeat","background-position":"center center","background-size":"auto","background-attachment":"scroll","background-type":"","background-media":"","overlay-type":"","overlay-color":"","overlay-opacity":"","overlay-gradient":""},"mobile":{"background-color":"var(--ast-global-color-5)","background-image":"","background-repeat":"repeat","background-position":"center center","background-size":"auto","background-attachment":"scroll","background-type":"","background-media":"","overlay-type":"","overlay-color":"","overlay-opacity":"","overlay-gradient":""}},"footnotes":""},"class_list":["post-509","page","type-page","status-publish","hentry"],"uagb_featured_image_src":{"full":false,"thumbnail":false,"medium":false,"medium_large":false,"large":false,"1536x1536":false,"2048x2048":false},"uagb_author_info":{"display_name":"digita.loznica@gmail.com","author_link":"https:\/\/drvlado.com\/index.php\/author\/digita-loznicagmail-com\/"},"uagb_comment_info":0,"uagb_excerpt":"Koje usluge pru\u017eamo? \u017delite saznati vi\u0161e o nama? Posetite nas i uverite se za\u0161to smo najbolji izbor za negu i le\u010denje Va\u0161eg ljubimca!","_links":{"self":[{"href":"https:\/\/drvlado.com\/index.php\/wp-json\/wp\/v2\/pages\/509","targetHints":{"allow":["GET"]}}],"collection":[{"href":"https:\/\/drvlado.com\/index.php\/wp-json\/wp\/v2\/pages"}],"about":[{"href":"https:\/\/drvlado.com\/index.php\/wp-json\/wp\/v2\/types\/page"}],"author":[{"embeddable":true,"href":"https:\/\/drvlado.com\/index.php\/wp-json\/wp\/v2\/users\/1"}],"replies":[{"embeddable":true,"href":"https:\/\/drvlado.com\/index.php\/wp-json\/wp\/v2\/comments?post=509"}],"version-history":[{"count":3,"href":"https:\/\/drvlado.com\/index.php\/wp-json\/wp\/v2\/pages\/509\/revisions"}],"predecessor-version":[{"id":1074,"href":"https:\/\/drvlado.com\/index.php\/wp-json\/wp\/v2\/pages\/509\/revisions\/1074"}],"wp:attachment":[{"href":"https:\/\/drvlado.com\/index.php\/wp-json\/wp\/v2\/media?parent=509"}],"curies":[{"name":"wp","href":"https:\/\/api.w.org\/{rel}","templated":true}]}}