{"id":508,"date":"2020-08-23T02:33:46","date_gmt":"2020-08-23T02:33:46","guid":{"rendered":"http:\/\/drvlado.com\/index.php\/who-we-are\/"},"modified":"2023-01-14T11:10:50","modified_gmt":"2023-01-14T11:10:50","slug":"who-we-are","status":"publish","type":"page","link":"https:\/\/drvlado.com\/index.php\/who-we-are\/","title":{"rendered":"Who We Are"},"content":{"rendered":"\n<div class=\"wp-block-uagb-container uagb-block-9dfda6bc alignfull uagb-is-root-container\"><div class=\"uagb-container-inner-blocks-wrap\">\n<div class=\"wp-block-uagb-container uagb-block-3b62baf0\">\n<div class=\"wp-block-uagb-advanced-heading uagb-block-dccd074d\"><h1 class=\"uagb-heading-text\">Ko smo mi?<\/h1><\/div>\n<\/div>\n\n\n\n<div class=\"wp-block-uagb-container uagb-block-22461ff3\">\n<div class=\"wp-block-uagb-info-box uagb-block-ca751031 uagb-infobox__content-wrap  uagb-infobox-icon-above-title uagb-infobox-image-valign-top\"><div class=\"uagb-ifb-content\"><div class=\"uagb-ifb-title-wrap\"><h3 class=\"uagb-ifb-title\">Dr Vlado veterinar sa dugogodi\u0161njim iskustvom!<\/h3><\/div><p class=\"uagb-ifb-desc\">Dr Vlado veterinarska ambulanta i pet shop Loznica je mesto gde \u0107ete prona\u0107i sve \u0161to va\u0161 ljubimac mo\u017ee da po\u017eeli. Veterinarska ambulanta pru\u017ea \u0161irok spektar usluga za va\u0161e ku\u0107ne ljubimce, od le\u010denja i hirur\u0161kih operacija, preko vakcinacije, do prodaje kvalitetne hrane i opreme u na\u0161em pet shop-u. U na\u0161em pet shop-u mo\u017eete prona\u0107i \u0161irok asortiman proizvoda za va\u0161eg ljubimca, od hrane do igra\u010daka i opreme, koji \u0107e mu pru\u017eiti sve \u0161to mu je potrebno za dobar \u017eivot. Ukratko, Dr Vlado veterinarska ambulanta i pet shop Loznica je mesto gde \u0107ete prona\u0107i sve \u0161to va\u0161 ljubimac mo\u017ee da po\u017eeli i gde \u0107e biti u najboljim rukama.<\/p><\/div><\/div>\n<\/div>\n<\/div><\/div>\n\n\n\n<div class=\"wp-block-uagb-container uagb-block-c0896e26 alignfull uagb-is-root-container\"><div class=\"uagb-container-inner-blocks-wrap\">\n<div class=\"wp-block-uagb-container uagb-block-2b64a253\">\n<div class=\"wp-block-uagb-image uagb-block-ac197212 wp-block-uagb-image--layout-default wp-block-uagb-image--effect-static wp-block-uagb-image--align-none\"><figure class=\"wp-block-uagb-image__figure\"><img decoding=\"async\" srcset=\"https:\/\/drvlado.com\/wp-content\/uploads\/2023\/01\/pexels-photo-5733422.webp \" src=\"https:\/\/drvlado.com\/wp-content\/uploads\/2023\/01\/pexels-photo-5733422.webp\" alt=\"veterinar loznica\" class=\"uag-image-1055\" width=\"\" height=\"\" title=\"\" loading=\"lazy\"\/><\/figure><\/div>\n<\/div>\n\n\n\n<div class=\"wp-block-uagb-container uagb-block-34afd2f3\">\n<h2 class=\"wp-block-heading\">Najbolja nega za Va\u0161eg ljubimca!<\/h2>\n<\/div>\n<\/div><\/div>\n\n\n\n<div class=\"wp-block-uagb-container uagb-block-303c389e alignfull uagb-is-root-container\"><div class=\"uagb-container-inner-blocks-wrap\">\n<h3 class=\"has-text-align-center wp-block-heading\">\u017delite da ugovorite termin?<\/h3>\n\n\n\n<p class=\"has-text-align-center\">\u017delite da ugovorite termin ili mo\u017eda da se upoznamo za naredne posete i preglede. Ne oklevajte!<\/p>\n\n\n\n<div class=\"wp-block-buttons is-layout-flex wp-block-buttons-is-layout-flex\">\n<div class=\"wp-block-button aligncenter\"><a class=\"wp-block-button__link wp-element-button\" href=\"tel:+381655175181\">Pozovite nas!<\/a><\/div>\n<\/div>\n<\/div><\/div>\n","protected":false},"excerpt":{"rendered":"<p>Ko smo mi? Najbolja nega za Va\u0161eg ljubimca! \u017delite da ugovorite termin? \u017delite da ugovorite termin ili mo\u017eda da se upoznamo za naredne posete i preglede. Ne oklevajte!<\/p>\n","protected":false},"author":1,"featured_media":0,"parent":0,"menu_order":0,"comment_status":"closed","ping_status":"closed","template":"","meta":{"_uag_custom_page_level_css":"","site-sidebar-layout":"no-sidebar","site-content-layout":"page-builder","ast-site-content-layout":"default","site-content-style":"default","site-sidebar-style":"default","ast-global-header-display":"","ast-banner-title-visibility":"","ast-main-header-display":"","ast-hfb-above-header-display":"","ast-hfb-below-header-display":"","ast-hfb-mobile-header-display":"","site-post-title":"disabled","ast-breadcrumbs-content":"","ast-featured-img":"disabled","footer-sml-layout":"","theme-transparent-header-meta":"default","adv-header-id-meta":"","stick-header-meta":"","header-above-stick-meta":"","header-main-stick-meta":"","header-below-stick-meta":"","astra-migrate-meta-layouts":"default","ast-page-background-enabled":"default","ast-page-background-meta":{"desktop":{"background-color":"","background-image":"","background-repeat":"repeat","background-position":"center center","background-size":"auto","background-attachment":"scroll","background-type":"","background-media":"","overlay-type":"","overlay-color":"","overlay-opacity":"","overlay-gradient":""},"tablet":{"background-color":"","background-image":"","background-repeat":"repeat","background-position":"center center","background-size":"auto","background-attachment":"scroll","background-type":"","background-media":"","overlay-type":"","overlay-color":"","overlay-opacity":"","overlay-gradient":""},"mobile":{"background-color":"","background-image":"","background-repeat":"repeat","background-position":"center center","background-size":"auto","background-attachment":"scroll","background-type":"","background-media":"","overlay-type":"","overlay-color":"","overlay-opacity":"","overlay-gradient":""}},"ast-content-background-meta":{"desktop":{"background-color":"var(--ast-global-color-5)","background-image":"","background-repeat":"repeat","background-position":"center center","background-size":"auto","background-attachment":"scroll","background-type":"","background-media":"","overlay-type":"","overlay-color":"","overlay-opacity":"","overlay-gradient":""},"tablet":{"background-color":"var(--ast-global-color-5)","background-image":"","background-repeat":"repeat","background-position":"center center","background-size":"auto","background-attachment":"scroll","background-type":"","background-media":"","overlay-type":"","overlay-color":"","overlay-opacity":"","overlay-gradient":""},"mobile":{"background-color":"var(--ast-global-color-5)","background-image":"","background-repeat":"repeat","background-position":"center center","background-size":"auto","background-attachment":"scroll","background-type":"","background-media":"","overlay-type":"","overlay-color":"","overlay-opacity":"","overlay-gradient":""}},"footnotes":""},"class_list":["post-508","page","type-page","status-publish","hentry"],"uagb_featured_image_src":{"full":false,"thumbnail":false,"medium":false,"medium_large":false,"large":false,"1536x1536":false,"2048x2048":false},"uagb_author_info":{"display_name":"digita.loznica@gmail.com","author_link":"https:\/\/drvlado.com\/index.php\/author\/digita-loznicagmail-com\/"},"uagb_comment_info":0,"uagb_excerpt":"Ko smo mi? Najbolja nega za Va\u0161eg ljubimca! \u017delite da ugovorite termin? \u017delite da ugovorite termin ili mo\u017eda da se upoznamo za naredne posete i preglede. Ne oklevajte!","_links":{"self":[{"href":"https:\/\/drvlado.com\/index.php\/wp-json\/wp\/v2\/pages\/508","targetHints":{"allow":["GET"]}}],"collection":[{"href":"https:\/\/drvlado.com\/index.php\/wp-json\/wp\/v2\/pages"}],"about":[{"href":"https:\/\/drvlado.com\/index.php\/wp-json\/wp\/v2\/types\/page"}],"author":[{"embeddable":true,"href":"https:\/\/drvlado.com\/index.php\/wp-json\/wp\/v2\/users\/1"}],"replies":[{"embeddable":true,"href":"https:\/\/drvlado.com\/index.php\/wp-json\/wp\/v2\/comments?post=508"}],"version-history":[{"count":6,"href":"https:\/\/drvlado.com\/index.php\/wp-json\/wp\/v2\/pages\/508\/revisions"}],"predecessor-version":[{"id":1071,"href":"https:\/\/drvlado.com\/index.php\/wp-json\/wp\/v2\/pages\/508\/revisions\/1071"}],"wp:attachment":[{"href":"https:\/\/drvlado.com\/index.php\/wp-json\/wp\/v2\/media?parent=508"}],"curies":[{"name":"wp","href":"https:\/\/api.w.org\/{rel}","templated":true}]}}