{"id":506,"date":"2020-08-23T02:33:45","date_gmt":"2020-08-23T02:33:45","guid":{"rendered":"http:\/\/drvlado.com\/index.php\/home\/"},"modified":"2023-01-14T11:12:17","modified_gmt":"2023-01-14T11:12:17","slug":"home","status":"publish","type":"page","link":"https:\/\/drvlado.com\/","title":{"rendered":"Home"},"content":{"rendered":"\n<div class=\"wp-block-uagb-container uagb-block-0864fbea alignfull uagb-is-root-container\"><div class=\"uagb-container-inner-blocks-wrap\">\n<div class=\"wp-block-uagb-info-box uagb-block-ec925a47 uagb-infobox__content-wrap  uagb-infobox-icon-above-title uagb-infobox-image-valign-top\"><div class=\"uagb-ifb-content\"><div class=\"uagb-ifb-title-wrap\"><span class=\"uagb-ifb-title-prefix\">Dr. Vlado veterinarska ambulanta Loznica<br><\/span><h1 class=\"uagb-ifb-title\"><strong>Mi pru\u017eamo negu, <\/strong><br><strong>koju Va\u0161 ljubimac <\/strong><br><strong>zaslu\u017euje!<\/strong><\/h1><\/div><\/div><\/div>\n\n\n\n<div class=\"wp-block-uagb-advanced-heading uagb-block-9c116fe4\"><h2 class=\"uagb-heading-text\">Pozovite +381 65 517 518 1<\/h2><p class=\"uagb-desc-text\">Vama na usluzi!<\/p><\/div>\n<\/div><\/div>\n\n\n\n<div class=\"wp-block-uagb-container uagb-block-9c2e4465 alignfull uagb-is-root-container\"><div class=\"uagb-container-inner-blocks-wrap\">\n<div class=\"wp-block-uagb-container uagb-block-472960e1\">\n<div class=\"wp-block-uagb-image uagb-block-79173838 wp-block-uagb-image--layout-default wp-block-uagb-image--effect-static wp-block-uagb-image--align-none\"><figure class=\"wp-block-uagb-image__figure\"><img decoding=\"async\" srcset=\"https:\/\/drvlado.com\/wp-content\/uploads\/2021\/03\/dog-about.png \" src=\"https:\/\/drvlado.com\/wp-content\/uploads\/2021\/03\/dog-about.png\" alt=\"\" class=\"uag-image-759\" width=\"414\" height=\"561\" title=\"\" loading=\"lazy\"\/><\/figure><\/div>\n<\/div>\n\n\n\n<div class=\"wp-block-uagb-container uagb-block-8def8a15\">\n<h6 class=\"wp-block-heading\">Ko smo mi?<\/h6>\n\n\n\n<h2 class=\"wp-block-heading\">Volimo Va\u0161eg ljubimca, <br>ba\u0161 kao i Vi!<br><\/h2>\n\n\n\n<p>Va\u0161 ljubimac je u pravim rukama sa nama, pru\u017eamo vrhunsku pomo\u0107 i na svakog ljubimca gledamo kao da je na\u0161.<\/p>\n\n\n\n<div class=\"wp-block-buttons is-layout-flex wp-block-buttons-is-layout-flex\">\n<div class=\"wp-block-button\"><a class=\"wp-block-button__link wp-element-button\" href=\"http:\/\/drvlado.com\/index.php\/who-we-are\/\">Saznajte vi\u0161e o nama<\/a><\/div>\n<\/div>\n<\/div>\n<\/div><\/div>\n\n\n\n<div class=\"wp-block-uagb-container uagb-block-4c7b9d59 alignfull uagb-is-root-container\"><div class=\"uagb-container-inner-blocks-wrap\">\n<div class=\"wp-block-uagb-container uagb-block-2694620a\">\n<div class=\"wp-block-uagb-advanced-heading uagb-block-1d856526\"><h2 class=\"uagb-heading-text\">Potra\u017ei nas na mre\u017eama!<\/h2><\/div>\n<\/div>\n\n\n\n<div class=\"wp-block-uagb-container uagb-block-f343b999\">\n<div class=\"wp-block-uagb-social-share uagb-social-share__outer-wrap uagb-social-share__layout-horizontal uagb-block-2b9f61cf\">\n<div class=\"wp-block-uagb-social-share-child uagb-ss-repeater uagb-ss__wrapper uagb-block-ed67315e\"><a class=\"uagb-ss__link\" data-href=\"https:\/\/www.facebook.com\/sharer.php?u=\" rel=\"noopener noreferrer\"><span class=\"uagb-ss__source-wrap\"><span class=\"uagb-ss__source-icon\"><svg xmlns=\"https:\/\/www.w3.org\/2000\/svg\" viewBox=\"0 0 512 512\"><path d=\"M504 256C504 119 393 8 256 8S8 119 8 256c0 123.8 90.69 226.4 209.3 245V327.7h-63V256h63v-54.64c0-62.15 37-96.48 93.67-96.48 27.14 0 55.52 4.84 55.52 4.84v61h-31.28c-30.8 0-40.41 19.12-40.41 38.73V256h68.78l-11 71.69h-57.78V501C413.3 482.4 504 379.8 504 256z\"><\/path><\/svg><\/span><\/span><\/a><\/div>\n<\/div>\n<\/div>\n<\/div><\/div>\n\n\n\n<div class=\"wp-block-uagb-container uagb-block-dd6eff9d alignfull uagb-is-root-container\"><div class=\"uagb-container-inner-blocks-wrap\">\n<div class=\"wp-block-uagb-container uagb-block-4e0c1e4c\">\n<div class=\"wp-block-uagb-info-box uagb-block-6bcf3801 uagb-infobox__content-wrap  uagb-infobox-icon-above-title uagb-infobox-image-valign-top\"><div class=\"uagb-ifb-content\"><div class=\"uagb-ifb-title-wrap\"><h2 class=\"uagb-ifb-title\">Izaberite uslugu koja Vam je potrebna!<\/h2><\/div><p class=\"uagb-ifb-desc\">Dr Vlado veterinarska ambulanta i pet shop Loznica pru\u017ea \u0161irok spektar usluga za va\u0161e ku\u0107ne ljubimce. Od le\u010denja i hirur\u0161kih operacija, preko vakcinacije, do prodaje kvalitetne hrane i opreme u na\u0161em pet shop-u. Na\u0161 stru\u010dni tim \u010dine iskusni veterinari i osoblje sa dugogodi\u0161njim iskustvom u radu sa \u017eivotinjama. Sigurni smo da \u0107emo mo\u0107i da pru\u017eimo sve \u0161to va\u0161 ljubimac treba i da \u0107e se brzo oporaviti u slu\u010daju bilo kakvog problema. Tako\u0111e, u na\u0161em pet shop-u mo\u017eete prona\u0107i \u0161irok asortiman proizvoda za va\u0161eg ljubimca, od hrane do sredstava za higijenu.<\/p><\/div><\/div>\n<\/div>\n\n\n\n<div class=\"wp-block-uagb-container uagb-block-c35857d7\">\n<div class=\"wp-block-uagb-image uagb-block-27accd3f wp-block-uagb-image--layout-default wp-block-uagb-image--effect-static wp-block-uagb-image--align-none\"><figure class=\"wp-block-uagb-image__figure\"><img decoding=\"async\" srcset=\"https:\/\/drvlado.com\/wp-content\/uploads\/2021\/03\/girl-with-dog.png \" src=\"https:\/\/drvlado.com\/wp-content\/uploads\/2021\/03\/girl-with-dog.png\" alt=\"\" class=\"uag-image-760\" width=\"\" height=\"\" title=\"\" loading=\"lazy\"\/><\/figure><\/div>\n<\/div>\n<\/div><\/div>\n\n\n\n<div class=\"wp-block-uagb-container uagb-block-05b5f390 alignfull uagb-is-root-container\"><div class=\"uagb-container-inner-blocks-wrap\">\n<div class=\"wp-block-uagb-container uagb-block-137cc4a8\">\n<div class=\"wp-block-uagb-info-box uagb-block-afc9f956 uagb-infobox__content-wrap  uagb-infobox-icon-above-title uagb-infobox-image-valign-top\"><div class=\"uagb-ifb-content\"><div class=\"uagb-ifb-image-content\"><img decoding=\"async\" src=\"http:\/\/drvlado.com\/wp-content\/uploads\/2019\/07\/sitting-free-img.png\" alt=\"\" width=\"140\" height=\"140\" loading=\"lazy\"\/><\/div><div class=\"uagb-ifb-title-wrap\"><h3 class=\"uagb-ifb-title\">Le\u010denje<\/h3><\/div><p class=\"uagb-ifb-desc\">Dr Vlado, veterinar Loznica, pru\u017ea profesionalnu i kvalitetnu medicinsku pomo\u0107 va\u0161im ku\u0107nim ljubimcima.<\/p><\/div><\/div>\n<\/div>\n\n\n\n<div class=\"wp-block-uagb-container uagb-block-1ec1ebfb\">\n<div class=\"wp-block-uagb-info-box uagb-block-8243e0d8 uagb-infobox__content-wrap  uagb-infobox-icon-above-title uagb-infobox-image-valign-top\"><div class=\"uagb-ifb-content\"><div class=\"uagb-ifb-image-content\"><img decoding=\"async\" src=\"http:\/\/drvlado.com\/wp-content\/uploads\/2019\/07\/minding-free-img.png\" alt=\"\" width=\"\" height=\"0\" loading=\"lazy\"\/><\/div><div class=\"uagb-ifb-title-wrap\"><h3 class=\"uagb-ifb-title\">Hirurgija<\/h3><\/div><p class=\"uagb-ifb-desc\">Dr Vlado, iskusni i stru\u010dni veterinarski hirurg iz Loznice, obavlja precizne i sigurne operacije kako bi va\u0161i ljubimci brzo ozdravili.<\/p><\/div><\/div>\n<\/div>\n\n\n\n<div class=\"wp-block-uagb-container uagb-block-ebb20867\">\n<div class=\"wp-block-uagb-info-box uagb-block-4366ef47 uagb-infobox__content-wrap  uagb-infobox-icon-above-title uagb-infobox-image-valign-top\"><div class=\"uagb-ifb-content\"><div class=\"uagb-ifb-image-content\"><img decoding=\"async\" src=\"http:\/\/drvlado.com\/wp-content\/uploads\/2019\/07\/training-free-img.png\" alt=\"\" width=\"\" height=\"0\" loading=\"lazy\"\/><\/div><div class=\"uagb-ifb-title-wrap\"><h3 class=\"uagb-ifb-title\">Vakcinacija<\/h3><\/div><p class=\"uagb-ifb-desc\">Dr Vlado, veterinar iz Loznice, pru\u017ea va\u017ene vakcine va\u0161im ku\u0107nim ljubimcima kako bi bili za\u0161ti\u0107eni od razli\u010ditih bolesti.<\/p><\/div><\/div>\n<\/div>\n\n\n\n<div class=\"wp-block-uagb-container uagb-block-d58b1686\">\n<div class=\"wp-block-uagb-info-box uagb-block-731c9c35 uagb-infobox__content-wrap  uagb-infobox-icon-above-title uagb-infobox-image-valign-top\"><div class=\"uagb-ifb-content\"><div class=\"uagb-ifb-image-content\"><img decoding=\"async\" src=\"http:\/\/drvlado.com\/wp-content\/uploads\/2019\/07\/grooming-free-img.png\" alt=\"\" width=\"\" height=\"0\" loading=\"lazy\"\/><\/div><div class=\"uagb-ifb-title-wrap\"><h3 class=\"uagb-ifb-title\">Pet Shop<\/h3><\/div><p class=\"uagb-ifb-desc\">U prodavnici Dr Vlada, veterinara iz Loznice, mo\u017eete prona\u0107i sve \u0161to va\u0161 ljubimac mo\u017ee da po\u017eeli, od hrane do igra\u010daka i opreme.<\/p><\/div><\/div>\n<\/div>\n<\/div><\/div>\n\n\n\n<div class=\"wp-block-uagb-container uagb-block-64208258 alignfull uagb-is-root-container\"><div class=\"uagb-container-inner-blocks-wrap\">\n<h4 class=\"has-text-align-center wp-block-heading\"><strong>\u017deli\u0161 da zaka\u017ee\u0161 pregled?<\/strong><\/h4>\n\n\n\n<p class=\"has-text-align-center\">Mo\u017eete zakazati pregled za svog ljubimca u na\u0161oj moderno opremljenoj ordinaciji!<\/p>\n\n\n\n<div class=\"wp-block-buttons is-layout-flex wp-block-buttons-is-layout-flex\">\n<div class=\"wp-block-button aligncenter\"><a class=\"wp-block-button__link wp-element-button\" href=\"tel:+381655175181\" target=\"_blank\" rel=\"noreferrer noopener\">Zaka\u017eite pregled!<\/a><\/div>\n<\/div>\n<\/div><\/div>\n","protected":false},"excerpt":{"rendered":"<p>Pozovite +381 65 517 518 1 Vama na usluzi! Ko smo mi? Volimo Va\u0161eg ljubimca, ba\u0161 kao i Vi! Va\u0161 ljubimac je u pravim rukama sa nama, pru\u017eamo vrhunsku pomo\u0107 i na svakog ljubimca gledamo kao da je na\u0161. Potra\u017ei nas na mre\u017eama! \u017deli\u0161 da zaka\u017ee\u0161 pregled? Mo\u017eete zakazati pregled za svog ljubimca u na\u0161oj [&hellip;]<\/p>\n","protected":false},"author":1,"featured_media":0,"parent":0,"menu_order":0,"comment_status":"closed","ping_status":"closed","template":"","meta":{"_uag_custom_page_level_css":"","site-sidebar-layout":"no-sidebar","site-content-layout":"page-builder","ast-site-content-layout":"default","site-content-style":"default","site-sidebar-style":"default","ast-global-header-display":"","ast-banner-title-visibility":"","ast-main-header-display":"","ast-hfb-above-header-display":"","ast-hfb-below-header-display":"","ast-hfb-mobile-header-display":"","site-post-title":"disabled","ast-breadcrumbs-content":"","ast-featured-img":"disabled","footer-sml-layout":"","theme-transparent-header-meta":"enabled","adv-header-id-meta":"","stick-header-meta":"","header-above-stick-meta":"","header-main-stick-meta":"","header-below-stick-meta":"","astra-migrate-meta-layouts":"default","ast-page-background-enabled":"default","ast-page-background-meta":{"desktop":{"background-color":"","background-image":"","background-repeat":"repeat","background-position":"center center","background-size":"auto","background-attachment":"scroll","background-type":"","background-media":"","overlay-type":"","overlay-color":"","overlay-opacity":"","overlay-gradient":""},"tablet":{"background-color":"","background-image":"","background-repeat":"repeat","background-position":"center center","background-size":"auto","background-attachment":"scroll","background-type":"","background-media":"","overlay-type":"","overlay-color":"","overlay-opacity":"","overlay-gradient":""},"mobile":{"background-color":"","background-image":"","background-repeat":"repeat","background-position":"center center","background-size":"auto","background-attachment":"scroll","background-type":"","background-media":"","overlay-type":"","overlay-color":"","overlay-opacity":"","overlay-gradient":""}},"ast-content-background-meta":{"desktop":{"background-color":"var(--ast-global-color-5)","background-image":"","background-repeat":"repeat","background-position":"center center","background-size":"auto","background-attachment":"scroll","background-type":"","background-media":"","overlay-type":"","overlay-color":"","overlay-opacity":"","overlay-gradient":""},"tablet":{"background-color":"var(--ast-global-color-5)","background-image":"","background-repeat":"repeat","background-position":"center center","background-size":"auto","background-attachment":"scroll","background-type":"","background-media":"","overlay-type":"","overlay-color":"","overlay-opacity":"","overlay-gradient":""},"mobile":{"background-color":"var(--ast-global-color-5)","background-image":"","background-repeat":"repeat","background-position":"center center","background-size":"auto","background-attachment":"scroll","background-type":"","background-media":"","overlay-type":"","overlay-color":"","overlay-opacity":"","overlay-gradient":""}},"footnotes":""},"class_list":["post-506","page","type-page","status-publish","hentry"],"uagb_featured_image_src":{"full":false,"thumbnail":false,"medium":false,"medium_large":false,"large":false,"1536x1536":false,"2048x2048":false},"uagb_author_info":{"display_name":"digita.loznica@gmail.com","author_link":"https:\/\/drvlado.com\/index.php\/author\/digita-loznicagmail-com\/"},"uagb_comment_info":0,"uagb_excerpt":"Pozovite +381 65 517 518 1 Vama na usluzi! Ko smo mi? Volimo Va\u0161eg ljubimca, ba\u0161 kao i Vi! Va\u0161 ljubimac je u pravim rukama sa nama, pru\u017eamo vrhunsku pomo\u0107 i na svakog ljubimca gledamo kao da je na\u0161. Potra\u017ei nas na mre\u017eama! \u017deli\u0161 da zaka\u017ee\u0161 pregled? Mo\u017eete zakazati pregled za svog ljubimca u na\u0161oj&hellip;","_links":{"self":[{"href":"https:\/\/drvlado.com\/index.php\/wp-json\/wp\/v2\/pages\/506","targetHints":{"allow":["GET"]}}],"collection":[{"href":"https:\/\/drvlado.com\/index.php\/wp-json\/wp\/v2\/pages"}],"about":[{"href":"https:\/\/drvlado.com\/index.php\/wp-json\/wp\/v2\/types\/page"}],"author":[{"embeddable":true,"href":"https:\/\/drvlado.com\/index.php\/wp-json\/wp\/v2\/users\/1"}],"replies":[{"embeddable":true,"href":"https:\/\/drvlado.com\/index.php\/wp-json\/wp\/v2\/comments?post=506"}],"version-history":[{"count":17,"href":"https:\/\/drvlado.com\/index.php\/wp-json\/wp\/v2\/pages\/506\/revisions"}],"predecessor-version":[{"id":1073,"href":"https:\/\/drvlado.com\/index.php\/wp-json\/wp\/v2\/pages\/506\/revisions\/1073"}],"wp:attachment":[{"href":"https:\/\/drvlado.com\/index.php\/wp-json\/wp\/v2\/media?parent=506"}],"curies":[{"name":"wp","href":"https:\/\/api.w.org\/{rel}","templated":true}]}}